{"id":38,"date":"2024-08-28T14:18:53","date_gmt":"2024-08-28T12:18:53","guid":{"rendered":"https:\/\/pfoetchencoach.de\/?page_id=38"},"modified":"2025-05-01T23:01:30","modified_gmt":"2025-05-01T21:01:30","slug":"impressum","status":"publish","type":"page","link":"https:\/\/pfoetchencoach.de\/index.php\/impressum\/","title":{"rendered":"Impressum"},"content":{"rendered":"\t\t<div data-elementor-type=\"wp-page\" data-elementor-id=\"38\" class=\"elementor elementor-38\">\n\t\t\t\t<div class=\"elementor-element elementor-element-bb0e77f e-flex e-con-boxed e-con e-parent\" data-id=\"bb0e77f\" data-element_type=\"container\" data-e-type=\"container\">\n\t\t\t\t\t<div class=\"e-con-inner\">\n\t\t\t\t<div class=\"elementor-element elementor-element-006d9f9 elementor-widget elementor-widget-heading\" data-id=\"006d9f9\" data-element_type=\"widget\" data-e-type=\"widget\" data-widget_type=\"heading.default\">\n\t\t\t\t<div class=\"elementor-widget-container\">\n\t\t\t\t\t<h2 class=\"elementor-heading-title elementor-size-default\">Impressum<\/h2>\t\t\t\t<\/div>\n\t\t\t\t<\/div>\n\t\t\t\t\t<\/div>\n\t\t\t\t<\/div>\n\t\t<div class=\"elementor-element elementor-element-49940da e-flex e-con-boxed e-con e-parent\" data-id=\"49940da\" data-element_type=\"container\" data-e-type=\"container\">\n\t\t\t\t\t<div class=\"e-con-inner\">\n\t\t\t\t<div class=\"elementor-element elementor-element-99557e9 elementor-widget elementor-widget-text-editor\" data-id=\"99557e9\" data-element_type=\"widget\" data-e-type=\"widget\" data-widget_type=\"text-editor.default\">\n\t\t\t\t<div class=\"elementor-widget-container\">\n\t\t\t\t\t\t\t\t\t<p><strong>Gesetzliche Anbieterkennung gem\u00e4\u00df \u00a7 5 TMG<br \/><\/strong>Laura Fiegler<br \/>Pf\u00f6tchencoach<br \/>Ort 56A<br \/>94078 Freyung<\/p><p>Kontakt:<\/p><p>Mobil: +49 (0) 15679 599099<br \/>E-Mail: <a href=\"mailto:info@pfoetchencoach.de\" target=\"_blank\" rel=\"noopener\">info@pfoetchencoach.de<\/a><\/p><p><strong>Verantwortlich i.S.d. \u00a7 18 Abs. 2 MStV<\/strong>: Frau Fiegler Laura, Ort 56A, 94078 Freyung<\/p><p><strong>Umsatzsteuer wird gem\u00e4\u00df \u00a7 19 UStG nicht erhoben.<\/strong><\/p><p><strong>Beschwerderecht bei datenschutzrechtlichen Verst\u00f6\u00dfen<br \/><\/strong>Bei datenschutzrechtlichen Verst\u00f6\u00dfen steht Ihnen ein Beschwerderecht bei der zust\u00e4ndigen Aufsichtsbeh\u00f6rde zu. Die zust\u00e4ndige Aufsichtsbeh\u00f6rde in datenschutzrechtlichen Fragen:<\/p><p>Der Bayrische Landesbeauftragte f\u00fcr den Datenschutz<br \/>Prof. Thomas Petri<br \/>Wagm\u00fcllerstr. 18<br \/>80539 M\u00fcnchen<\/p><p>Kontakt:<br \/>Telefon: +49 (0) 89 \/ 212 67 20<br \/>Telefax: +49 (0) 89 \/ 212 67 25 0<br \/>E-Mail: <a href=\"mailto:poststelle@datenschutz-bayern.de\">poststelle@datenschutz-bayern.de<\/a><br \/>Homepage: <a href=\"https:\/\/www.datenschutz-bayern.de\/\" target=\"_blank\" rel=\"noopener\">https:\/\/www.datenschutz-bayern.de<\/a><\/p><p><strong>Alternative Streitbeilegung:<br \/><\/strong>Zur au\u00dfergerichtlichen Beilegung von verbraucherrechtlichen Streitigkeiten stellt die Europ\u00e4ische Union eine Online-Plattform (OS-Plattform) zur Verf\u00fcgung unter <a href=\"https:\/\/ec.europa.eu\/odr\" target=\"_blank\" rel=\"noopener\">https:\/\/ec.europa.eu\/odr<\/a>. Wir sind zur Teilnahme an einem Streitbeilegungsverfahren vor einer Verbraucherschlichtungsstelle nicht verpflichtet und grunds\u00e4tzlich nicht bereit.<\/p><p><strong>Hinweis gem. Verbraucherstreitbeilegungsgesetz (VSBG)<br \/><\/strong>Wir sind grunds\u00e4tzlich nicht bereit und verpflichtet, an Streitbeilegungsverfahren vor einer Verbraucherschlichtungsstelle teilzunehmen.<\/p>\t\t\t\t\t\t\t\t<\/div>\n\t\t\t\t<\/div>\n\t\t\t\t\t<\/div>\n\t\t\t\t<\/div>\n\t\t\t\t<\/div>\n\t\t","protected":false},"excerpt":{"rendered":"<p>Impressum Gesetzliche Anbieterkennung gem\u00e4\u00df \u00a7 5 TMGLaura FieglerPf\u00f6tchencoachOrt 56A94078 Freyung Kontakt: Mobil: +49 (0) 15679 599099E-Mail: info@pfoetchencoach.de Verantwortlich i.S.d. \u00a7 18 Abs. 2 MStV: Frau Fiegler Laura, Ort 56A, 94078 Freyung Umsatzsteuer wird gem\u00e4\u00df \u00a7 19 UStG nicht erhoben. Beschwerderecht bei datenschutzrechtlichen Verst\u00f6\u00dfenBei datenschutzrechtlichen Verst\u00f6\u00dfen steht Ihnen ein Beschwerderecht bei der zust\u00e4ndigen Aufsichtsbeh\u00f6rde zu. Die [&hellip;]<\/p>\n","protected":false},"author":1,"featured_media":0,"parent":0,"menu_order":0,"comment_status":"closed","ping_status":"closed","template":"","meta":{"footnotes":""},"class_list":["post-38","page","type-page","status-publish","hentry"],"_links":{"self":[{"href":"https:\/\/pfoetchencoach.de\/index.php\/wp-json\/wp\/v2\/pages\/38","targetHints":{"allow":["GET"]}}],"collection":[{"href":"https:\/\/pfoetchencoach.de\/index.php\/wp-json\/wp\/v2\/pages"}],"about":[{"href":"https:\/\/pfoetchencoach.de\/index.php\/wp-json\/wp\/v2\/types\/page"}],"author":[{"embeddable":true,"href":"https:\/\/pfoetchencoach.de\/index.php\/wp-json\/wp\/v2\/users\/1"}],"replies":[{"embeddable":true,"href":"https:\/\/pfoetchencoach.de\/index.php\/wp-json\/wp\/v2\/comments?post=38"}],"version-history":[{"count":10,"href":"https:\/\/pfoetchencoach.de\/index.php\/wp-json\/wp\/v2\/pages\/38\/revisions"}],"predecessor-version":[{"id":622,"href":"https:\/\/pfoetchencoach.de\/index.php\/wp-json\/wp\/v2\/pages\/38\/revisions\/622"}],"wp:attachment":[{"href":"https:\/\/pfoetchencoach.de\/index.php\/wp-json\/wp\/v2\/media?parent=38"}],"curies":[{"name":"wp","href":"https:\/\/api.w.org\/{rel}","templated":true}]}}